{"id":5,"date":"2019-11-26T12:22:54","date_gmt":"2019-11-26T12:22:54","guid":{"rendered":"https:\/\/demosites.io\/blogger-gb\/?page_id=5"},"modified":"2023-09-27T08:00:10","modified_gmt":"2023-09-27T08:00:10","slug":"bienvenidos","status":"publish","type":"page","link":"https:\/\/missisbravofilms.com\/","title":{"rendered":"Inicio"},"content":{"rendered":"\n<div id=\"wp-block-themeisle-blocks-advanced-columns-194b2b21\" class=\"wp-block-themeisle-blocks-advanced-columns alignfull has-1-columns has-desktop-equal-layout has-tablet-equal-layout has-mobile-equal-layout has-vertical-unset has-light-bg\"><div class=\"wp-block-themeisle-blocks-advanced-columns-overlay\"><\/div><div class=\"innerblocks-wrap\">\n<div id=\"wp-block-themeisle-blocks-advanced-column-204c7024\" class=\"wp-block-themeisle-blocks-advanced-column\">\n<p id=\"wp-block-themeisle-blocks-advanced-heading-a6bbd4ea\" class=\"wp-block-themeisle-blocks-advanced-heading wp-block-themeisle-blocks-advanced-heading-a6bbd4ea\"><strong>Audiovisual Marketing Content<\/strong><\/p>\n\n\n\n<h2 id=\"wp-block-themeisle-blocks-advanced-heading-2ec13e75\" class=\"wp-block-themeisle-blocks-advanced-heading wp-block-themeisle-blocks-advanced-heading-2ec13e75\">Hola! <\/h2>\n\n\n\n<h2 id=\"wp-block-themeisle-blocks-advanced-heading-0dc2e08a\" class=\"wp-block-themeisle-blocks-advanced-heading wp-block-themeisle-blocks-advanced-heading-0dc2e08a\">Estamos trabajando en nuestra nueva web, os dejamos una muestra de nuestros trabajos.<\/h2>\n<\/div>\n<\/div><\/div>\n\n\n\n<div id=\"wp-block-themeisle-blocks-advanced-columns-5a83b79b\" class=\"wp-block-themeisle-blocks-advanced-columns alignfull has-2-columns has-desktop-equal-layout has-tablet-equal-layout has-mobile-collapsedRows-layout has-vertical-center has-dark-bg\"><div class=\"wp-block-themeisle-blocks-advanced-columns-overlay\"><\/div><div class=\"innerblocks-wrap\">\n<div id=\"wp-block-themeisle-blocks-advanced-column-02495679\" class=\"wp-block-themeisle-blocks-advanced-column ticss-48ef8f35\">\n<p id=\"wp-block-themeisle-blocks-advanced-heading-a67260d8\" class=\"wp-block-themeisle-blocks-advanced-heading wp-block-themeisle-blocks-advanced-heading-a67260d8\"><strong>Sobre m\u00ed<\/strong><\/p>\n\n\n\n<h2 class=\"wp-block-heading has-nv-text-dark-bg-color has-text-color\">Susana Bravo<\/h2>\n\n\n\n<p class=\"has-nv-site-bg-color has-text-color has-small-font-size\"><em>Creativa, constante, cercana, sensible y pasional\u2026 palabras que me definen en lo profesional y personal.<\/em><\/p>\n\n\n\n<p class=\"has-nv-site-bg-color has-text-color has-small-font-size\"><em>Dedicada al mundo de las bodas y eventos, m\u00e1s de 20 a\u00f1os en el sector que me ha dado emoci\u00f3n, risas y m\u00e1s de una lagrimita cuando veo a mis parejas mirarse a los ojos y ver tanto amor.<\/em><\/p>\n\n\n\n<p class=\"has-nv-site-bg-color has-text-color has-small-font-size\"><em>Enamorada de mi profesi\u00f3n, de contar, de transmitir a trav\u00e9s de la imagen historias que atrapen, que inspiren, que marquen la diferencia.<\/em><\/p>\n\n\n\n<p class=\"has-nv-site-bg-color has-text-color has-small-font-size\"><em>Apuesto por la edici\u00f3n rom\u00e1ntica&nbsp;y a la vez divertida, din\u00e1mica \u2026., desde un punto de vista actual e innovador, en el cual sorprenda y cree emoci\u00f3n y que te traslade de nuevo al d\u00eda de tu boda.<\/em><\/p>\n\n\n\n<p class=\"has-nv-site-bg-color has-text-color has-small-font-size\"><em>Con mi c\u00e1mara siempre lista, mi cabeza generando ideas,&nbsp;trato de buscar nuevas formas de comunicar, ya sea con diferentes planos, \u00e1ngulos o secuencias\u2026. Todo ello para conseguir el resultado deseado para m\u00ed y sobre todo para vosotros!<\/em><\/p>\n<\/div>\n\n\n\n<div id=\"wp-block-themeisle-blocks-advanced-column-67e16009\" class=\"wp-block-themeisle-blocks-advanced-column ticss-5418d6a3\">\n<figure class=\"wp-block-image size-large\"><img loading=\"lazy\" decoding=\"async\" width=\"1024\" height=\"840\" src=\"https:\/\/missisbravofilms.com\/wp-content\/uploads\/2023\/05\/3A1A0892-1024x840.jpg\" alt=\"\" class=\"wp-image-138\" srcset=\"https:\/\/missisbravofilms.com\/wp-content\/uploads\/2023\/05\/3A1A0892-1024x840.jpg 1024w, https:\/\/missisbravofilms.com\/wp-content\/uploads\/2023\/05\/3A1A0892-300x246.jpg 300w, https:\/\/missisbravofilms.com\/wp-content\/uploads\/2023\/05\/3A1A0892-768x630.jpg 768w, https:\/\/missisbravofilms.com\/wp-content\/uploads\/2023\/05\/3A1A0892.jpg 1440w\" sizes=\"auto, (max-width: 1024px) 100vw, 1024px\" \/><figcaption class=\"wp-element-caption\">Susana Bravo. Directora Creativa<\/figcaption><\/figure>\n<\/div>\n<\/div><\/div>\n\n\n\n<div id=\"wp-block-themeisle-blocks-advanced-columns-a973a806\" class=\"wp-block-themeisle-blocks-advanced-columns alignwide has-3-columns has-desktop-equal-layout has-tablet-equal-layout has-mobile-collapsedRows-layout has-vertical-unset\"><div class=\"wp-block-themeisle-blocks-advanced-columns-overlay\"><\/div><div class=\"innerblocks-wrap\">\n<div id=\"wp-block-themeisle-blocks-advanced-column-a570f2c1\" class=\"wp-block-themeisle-blocks-advanced-column\">\n<h3 class=\"wp-block-heading has-text-align-center has-medium-font-size\">Missis bravo <\/h3>\n\n\n\n<figure class=\"wp-block-embed is-type-video is-provider-youtube wp-block-embed-youtube wp-embed-aspect-16-9 wp-has-aspect-ratio\"><div class=\"wp-block-embed__wrapper\">\n<div class=\"nv-iframe-embed\"><iframe loading=\"lazy\" title=\"Presentaci\u00f3n Missis Bravo Films\" width=\"1200\" height=\"675\" src=\"https:\/\/www.youtube.com\/embed\/9VzDqb_dYtA?feature=oembed\" frameborder=\"0\" allow=\"accelerometer; autoplay; clipboard-write; encrypted-media; gyroscope; picture-in-picture; web-share\" allowfullscreen><\/iframe><\/div>\n<\/div><\/figure>\n\n\n\n<p id=\"wp-block-themeisle-blocks-advanced-heading-24b8e5e5\" class=\"wp-block-themeisle-blocks-advanced-heading wp-block-themeisle-blocks-advanced-heading-24b8e5e5\"><strong><a href=\"https:\/\/www.youtube.com\/watch?v=9VzDqb_dYtA\" data-type=\"post\" data-id=\"157\" target=\"_blank\" rel=\"noreferrer noopener\">ver m\u00e1s<\/a><\/strong><\/p>\n<\/div>\n\n\n\n<div id=\"wp-block-themeisle-blocks-advanced-column-a08d493c\" class=\"wp-block-themeisle-blocks-advanced-column\">\n<h2 class=\"wp-block-heading has-text-align-center has-medium-font-size\">Reel Hoteles<\/h2>\n\n\n\n<figure class=\"wp-block-embed is-type-video is-provider-youtube wp-block-embed-youtube wp-embed-aspect-16-9 wp-has-aspect-ratio\"><div class=\"wp-block-embed__wrapper\">\n<div class=\"nv-iframe-embed\"><iframe loading=\"lazy\" title=\"Reel Hoteles\" width=\"1200\" height=\"675\" src=\"https:\/\/www.youtube.com\/embed\/iYkp5RHu9A0?feature=oembed\" frameborder=\"0\" allow=\"accelerometer; autoplay; clipboard-write; encrypted-media; gyroscope; picture-in-picture; web-share\" allowfullscreen><\/iframe><\/div>\n<\/div><\/figure>\n\n\n\n<p id=\"wp-block-themeisle-blocks-advanced-heading-243ba9c1\" class=\"wp-block-themeisle-blocks-advanced-heading wp-block-themeisle-blocks-advanced-heading-243ba9c1\"><strong><a href=\"https:\/\/youtu.be\/iYkp5RHu9A0?si=dLP1WVO5MAeP9yAf\" target=\"_blank\" rel=\"noreferrer noopener\">ver m\u00e1s<\/a><\/strong><\/p>\n<\/div>\n\n\n\n<div id=\"wp-block-themeisle-blocks-advanced-column-a1d208ef\" class=\"wp-block-themeisle-blocks-advanced-column\">\n<h3 class=\"wp-block-heading has-text-align-center has-medium-font-size\">Reel Gastron\u00f3mico<\/h3>\n\n\n\n<figure class=\"wp-block-embed is-type-video is-provider-youtube wp-block-embed-youtube wp-embed-aspect-16-9 wp-has-aspect-ratio\"><div class=\"wp-block-embed__wrapper\">\n<div class=\"nv-iframe-embed\"><iframe loading=\"lazy\" title=\"Reel gastron\u00f3mico\" width=\"1200\" height=\"675\" src=\"https:\/\/www.youtube.com\/embed\/tbOZJmNww2c?feature=oembed\" frameborder=\"0\" allow=\"accelerometer; autoplay; clipboard-write; encrypted-media; gyroscope; picture-in-picture; web-share\" allowfullscreen><\/iframe><\/div>\n<\/div><\/figure>\n\n\n\n<p id=\"wp-block-themeisle-blocks-advanced-heading-2961e8b5\" class=\"wp-block-themeisle-blocks-advanced-heading wp-block-themeisle-blocks-advanced-heading-2961e8b5\"><strong><a href=\"https:\/\/youtu.be\/tbOZJmNww2c?si=frptcNy-zabnsURx\" data-type=\"post\" data-id=\"161\" target=\"_blank\" rel=\"noreferrer noopener\">ver m\u00e1s<\/a><\/strong><\/p>\n<\/div>\n<\/div><\/div>\n\n\n\n<div id=\"wp-block-themeisle-blocks-advanced-columns-b320f813\" class=\"wp-block-themeisle-blocks-advanced-columns alignwide has-3-columns has-desktop-equal-layout has-tablet-equal-layout has-mobile-collapsedRows-layout has-vertical-unset\"><div class=\"wp-block-themeisle-blocks-advanced-columns-overlay\"><\/div><div class=\"innerblocks-wrap\">\n<div id=\"wp-block-themeisle-blocks-advanced-column-42182f0d\" class=\"wp-block-themeisle-blocks-advanced-column\">\n<h3 class=\"wp-block-heading has-text-align-center has-medium-font-size\">Hotel Can Roses<\/h3>\n\n\n\n<figure class=\"wp-block-embed is-type-video is-provider-youtube wp-block-embed-youtube wp-embed-aspect-16-9 wp-has-aspect-ratio\"><div class=\"wp-block-embed__wrapper\">\n<div class=\"nv-iframe-embed\"><iframe loading=\"lazy\" title=\"Hotel Can Roses\" width=\"1200\" height=\"675\" src=\"https:\/\/www.youtube.com\/embed\/ZVzqd7f-0Zg?feature=oembed\" frameborder=\"0\" allow=\"accelerometer; autoplay; clipboard-write; encrypted-media; gyroscope; picture-in-picture; web-share\" allowfullscreen><\/iframe><\/div>\n<\/div><\/figure>\n\n\n\n<p id=\"wp-block-themeisle-blocks-advanced-heading-852c591d\" class=\"wp-block-themeisle-blocks-advanced-heading wp-block-themeisle-blocks-advanced-heading-852c591d\"><strong><a href=\"https:\/\/www.youtube.com\/watch?v=ZVzqd7f-0Zg\" data-type=\"post\" data-id=\"149\" target=\"_blank\" rel=\"noreferrer noopener\">ver m\u00e1s<\/a><\/strong><\/p>\n<\/div>\n\n\n\n<div id=\"wp-block-themeisle-blocks-advanced-column-cd359245\" class=\"wp-block-themeisle-blocks-advanced-column\">\n<h3 class=\"wp-block-heading has-text-align-center has-medium-font-size\">Corporativo Barcos<\/h3>\n\n\n\n<figure class=\"wp-block-embed is-type-video is-provider-youtube wp-block-embed-youtube wp-embed-aspect-16-9 wp-has-aspect-ratio\"><div class=\"wp-block-embed__wrapper\">\n<div class=\"nv-iframe-embed\"><iframe loading=\"lazy\" title=\"Corporativo Barco\" width=\"1200\" height=\"675\" src=\"https:\/\/www.youtube.com\/embed\/pXWc0qcg66M?feature=oembed\" frameborder=\"0\" allow=\"accelerometer; autoplay; clipboard-write; encrypted-media; gyroscope; picture-in-picture; web-share\" allowfullscreen><\/iframe><\/div>\n<\/div><\/figure>\n\n\n\n<p id=\"wp-block-themeisle-blocks-advanced-heading-98c8b9c2\" class=\"wp-block-themeisle-blocks-advanced-heading wp-block-themeisle-blocks-advanced-heading-98c8b9c2\"><strong><a href=\"https:\/\/youtu.be\/pXWc0qcg66M?si=f3xFroExACeO0qA3\" data-type=\"post\" data-id=\"153\" target=\"_blank\" rel=\"noreferrer noopener\">ver m\u00e1s<\/a><\/strong><\/p>\n<\/div>\n\n\n\n<div id=\"wp-block-themeisle-blocks-advanced-column-9a9f49aa\" class=\"wp-block-themeisle-blocks-advanced-column\">\n<h3 class=\"wp-block-heading has-text-align-center has-medium-font-size\">Carpas Beduinas<\/h3>\n\n\n\n<figure class=\"wp-block-embed is-type-video is-provider-youtube wp-block-embed-youtube wp-embed-aspect-16-9 wp-has-aspect-ratio\"><div class=\"wp-block-embed__wrapper\">\n<div class=\"nv-iframe-embed\"><iframe loading=\"lazy\" title=\"Carpas beduinas\" width=\"1200\" height=\"675\" src=\"https:\/\/www.youtube.com\/embed\/h3IfAt88Wbk?feature=oembed\" frameborder=\"0\" allow=\"accelerometer; autoplay; clipboard-write; encrypted-media; gyroscope; picture-in-picture; web-share\" allowfullscreen><\/iframe><\/div>\n<\/div><\/figure>\n\n\n\n<p id=\"wp-block-themeisle-blocks-advanced-heading-a687c894\" class=\"wp-block-themeisle-blocks-advanced-heading wp-block-themeisle-blocks-advanced-heading-a687c894\"><strong><a href=\"https:\/\/youtu.be\/h3IfAt88Wbk?si=J-VfwlIRdNZjXyDK\" target=\"_blank\" rel=\"noreferrer noopener\">ver m\u00e1s<\/a><\/strong><\/p>\n<\/div>\n<\/div><\/div>\n\n\n\n<div id=\"wp-block-themeisle-blocks-advanced-columns-6f11e740\" class=\"wp-block-themeisle-blocks-advanced-columns alignfull has-1-columns has-desktop-equal-layout has-tablet-equal-layout has-mobile-equal-layout has-vertical-unset\"><div class=\"wp-block-themeisle-blocks-advanced-columns-overlay\"><\/div><div class=\"innerblocks-wrap\">\n<div id=\"wp-block-themeisle-blocks-advanced-column-085d763a\" class=\"wp-block-themeisle-blocks-advanced-column\">\n<p id=\"wp-block-themeisle-blocks-advanced-heading-a38d6050\" class=\"wp-block-themeisle-blocks-advanced-heading wp-block-themeisle-blocks-advanced-heading-a38d6050\"><strong>Audiovisual Marketing Content<\/strong><\/p>\n\n\n\n<h2 id=\"wp-block-themeisle-blocks-advanced-heading-4e96de44\" class=\"wp-block-themeisle-blocks-advanced-heading wp-block-themeisle-blocks-advanced-heading-4e96de44\">Sigue nuestros trabajos<\/h2>\n\n\n\n<p class=\"has-text-align-center\" style=\"font-size:22px\">S\u00edguenos en nuestras redes sociales, encontrar\u00e1s contenido original  compartido para todos vosotros<\/p>\n\n\n\n<div style=\"height:40px\" aria-hidden=\"true\" class=\"wp-block-spacer\"><\/div>\n\n\n\n<ul class=\"wp-block-social-links has-large-icon-size has-icon-background-color items-justified-center is-style-default is-content-justification-center is-layout-flex wp-container-core-social-links-is-layout-16018d1d wp-block-social-links-is-layout-flex\"><li style=\"background-color: var(--nv-primary-accent); \" class=\"wp-social-link wp-social-link-instagram has-neve-link-color-background-color wp-block-social-link\"><a rel=\"noopener nofollow\" target=\"_blank\" href=\"https:\/\/www.instagram.com\/missisbravo.films\/\" class=\"wp-block-social-link-anchor\"><svg width=\"24\" height=\"24\" viewBox=\"0 0 24 24\" version=\"1.1\" xmlns=\"http:\/\/www.w3.org\/2000\/svg\" aria-hidden=\"true\" focusable=\"false\"><path d=\"M12,4.622c2.403,0,2.688,0.009,3.637,0.052c0.877,0.04,1.354,0.187,1.671,0.31c0.42,0.163,0.72,0.358,1.035,0.673 c0.315,0.315,0.51,0.615,0.673,1.035c0.123,0.317,0.27,0.794,0.31,1.671c0.043,0.949,0.052,1.234,0.052,3.637 s-0.009,2.688-0.052,3.637c-0.04,0.877-0.187,1.354-0.31,1.671c-0.163,0.42-0.358,0.72-0.673,1.035 c-0.315,0.315-0.615,0.51-1.035,0.673c-0.317,0.123-0.794,0.27-1.671,0.31c-0.949,0.043-1.233,0.052-3.637,0.052 s-2.688-0.009-3.637-0.052c-0.877-0.04-1.354-0.187-1.671-0.31c-0.42-0.163-0.72-0.358-1.035-0.673 c-0.315-0.315-0.51-0.615-0.673-1.035c-0.123-0.317-0.27-0.794-0.31-1.671C4.631,14.688,4.622,14.403,4.622,12 s0.009-2.688,0.052-3.637c0.04-0.877,0.187-1.354,0.31-1.671c0.163-0.42,0.358-0.72,0.673-1.035 c0.315-0.315,0.615-0.51,1.035-0.673c0.317-0.123,0.794-0.27,1.671-0.31C9.312,4.631,9.597,4.622,12,4.622 M12,3 C9.556,3,9.249,3.01,8.289,3.054C7.331,3.098,6.677,3.25,6.105,3.472C5.513,3.702,5.011,4.01,4.511,4.511 c-0.5,0.5-0.808,1.002-1.038,1.594C3.25,6.677,3.098,7.331,3.054,8.289C3.01,9.249,3,9.556,3,12c0,2.444,0.01,2.751,0.054,3.711 c0.044,0.958,0.196,1.612,0.418,2.185c0.23,0.592,0.538,1.094,1.038,1.594c0.5,0.5,1.002,0.808,1.594,1.038 c0.572,0.222,1.227,0.375,2.185,0.418C9.249,20.99,9.556,21,12,21s2.751-0.01,3.711-0.054c0.958-0.044,1.612-0.196,2.185-0.418 c0.592-0.23,1.094-0.538,1.594-1.038c0.5-0.5,0.808-1.002,1.038-1.594c0.222-0.572,0.375-1.227,0.418-2.185 C20.99,14.751,21,14.444,21,12s-0.01-2.751-0.054-3.711c-0.044-0.958-0.196-1.612-0.418-2.185c-0.23-0.592-0.538-1.094-1.038-1.594 c-0.5-0.5-1.002-0.808-1.594-1.038c-0.572-0.222-1.227-0.375-2.185-0.418C14.751,3.01,14.444,3,12,3L12,3z M12,7.378 c-2.552,0-4.622,2.069-4.622,4.622S9.448,16.622,12,16.622s4.622-2.069,4.622-4.622S14.552,7.378,12,7.378z M12,15 c-1.657,0-3-1.343-3-3s1.343-3,3-3s3,1.343,3,3S13.657,15,12,15z M16.804,6.116c-0.596,0-1.08,0.484-1.08,1.08 s0.484,1.08,1.08,1.08c0.596,0,1.08-0.484,1.08-1.08S17.401,6.116,16.804,6.116z\"><\/path><\/svg><span class=\"wp-block-social-link-label screen-reader-text\">Instagram<\/span><\/a><\/li>\n\n<li style=\"background-color: var(--nv-primary-accent); \" class=\"wp-social-link wp-social-link-facebook has-neve-link-color-background-color wp-block-social-link\"><a rel=\"noopener nofollow\" target=\"_blank\" href=\"https:\/\/www.facebook.com\/missisbravofilms\" class=\"wp-block-social-link-anchor\"><svg width=\"24\" height=\"24\" viewBox=\"0 0 24 24\" version=\"1.1\" xmlns=\"http:\/\/www.w3.org\/2000\/svg\" aria-hidden=\"true\" focusable=\"false\"><path d=\"M12 2C6.5 2 2 6.5 2 12c0 5 3.7 9.1 8.4 9.9v-7H7.9V12h2.5V9.8c0-2.5 1.5-3.9 3.8-3.9 1.1 0 2.2.2 2.2.2v2.5h-1.3c-1.2 0-1.6.8-1.6 1.6V12h2.8l-.4 2.9h-2.3v7C18.3 21.1 22 17 22 12c0-5.5-4.5-10-10-10z\"><\/path><\/svg><span class=\"wp-block-social-link-label screen-reader-text\">Facebook<\/span><\/a><\/li>\n\n<li style=\"background-color: var(--nv-primary-accent); \" class=\"wp-social-link wp-social-link-youtube has-neve-link-color-background-color wp-block-social-link\"><a rel=\"noopener nofollow\" target=\"_blank\" href=\"https:\/\/www.youtube.com\/@missisbravofilms8955\" class=\"wp-block-social-link-anchor\"><svg width=\"24\" height=\"24\" viewBox=\"0 0 24 24\" version=\"1.1\" xmlns=\"http:\/\/www.w3.org\/2000\/svg\" aria-hidden=\"true\" focusable=\"false\"><path d=\"M21.8,8.001c0,0-0.195-1.378-0.795-1.985c-0.76-0.797-1.613-0.801-2.004-0.847c-2.799-0.202-6.997-0.202-6.997-0.202 h-0.009c0,0-4.198,0-6.997,0.202C4.608,5.216,3.756,5.22,2.995,6.016C2.395,6.623,2.2,8.001,2.2,8.001S2,9.62,2,11.238v1.517 c0,1.618,0.2,3.237,0.2,3.237s0.195,1.378,0.795,1.985c0.761,0.797,1.76,0.771,2.205,0.855c1.6,0.153,6.8,0.201,6.8,0.201 s4.203-0.006,7.001-0.209c0.391-0.047,1.243-0.051,2.004-0.847c0.6-0.607,0.795-1.985,0.795-1.985s0.2-1.618,0.2-3.237v-1.517 C22,9.62,21.8,8.001,21.8,8.001z M9.935,14.594l-0.001-5.62l5.404,2.82L9.935,14.594z\"><\/path><\/svg><span class=\"wp-block-social-link-label screen-reader-text\">YouTube<\/span><\/a><\/li>\n\n<li style=\"background-color: var(--nv-primary-accent); \" class=\"wp-social-link wp-social-link-google has-neve-link-color-background-color wp-block-social-link\"><a rel=\"noopener nofollow\" target=\"_blank\" href=\"https:\/\/www.google.com\/search?q=missisbravofilms.com&#038;rlz=1C1CHZN_esES986ES986&#038;oq=miss&#038;gs_lcrp=EgZjaHJvbWUqBggBEEUYOzIGCAAQRRg8MgYIARBFGDsyBggCEEUYOTIGCAMQRRg7MgYIBBBFGDsyBggFEEUYPDIGCAYQRRg8MgYIBxBFGDzSAQg0OTU1ajBqN6gCALACAA&#038;sourceid=chrome&#038;ie=UTF-8\" class=\"wp-block-social-link-anchor\"><svg width=\"24\" height=\"24\" viewBox=\"0 0 24 24\" version=\"1.1\" xmlns=\"http:\/\/www.w3.org\/2000\/svg\" aria-hidden=\"true\" focusable=\"false\"><path d=\"M12.02,10.18v3.72v0.01h5.51c-0.26,1.57-1.67,4.22-5.5,4.22c-3.31,0-6.01-2.75-6.01-6.12s2.7-6.12,6.01-6.12 c1.87,0,3.13,0.8,3.85,1.48l2.84-2.76C16.99,2.99,14.73,2,12.03,2c-5.52,0-10,4.48-10,10s4.48,10,10,10c5.77,0,9.6-4.06,9.6-9.77 c0-0.83-0.11-1.42-0.25-2.05H12.02z\"><\/path><\/svg><span class=\"wp-block-social-link-label screen-reader-text\">Google<\/span><\/a><\/li><\/ul>\n<\/div>\n<\/div><\/div>\n\n\n\n<h2 class=\"wp-block-heading has-text-align-center has-medium-font-size\">Si te ha gustado lo visto y quieres informaci\u00f3n, no dudes, d\u00e9jame un mensaje a<\/h2>\n\n\n\n<h2 class=\"wp-block-heading has-text-align-center has-medium-font-size\"> <a href=\"mailto:missisbravofilms@gmail.com\">missisbravofilms@gmail.com<\/a><\/h2>\n\n\n\n<div style=\"height:75px\" aria-hidden=\"true\" class=\"wp-block-spacer\"><\/div>\n\n\n\n<h2 class=\"wp-block-heading has-text-align-center\">Servicios de producci\u00f3n audiovisual<\/h2>\n\n\n\n<div id=\"wp-block-themeisle-blocks-advanced-columns-6a564611\" class=\"wp-block-themeisle-blocks-advanced-columns alignfull has-4-columns has-desktop-equal-layout has-tablet-equal-layout has-mobile-collapsedRows-layout has-vertical-unset\"><div class=\"wp-block-themeisle-blocks-advanced-columns-overlay\"><\/div><div class=\"innerblocks-wrap\">\n<div id=\"wp-block-themeisle-blocks-advanced-column-374d5d80\" class=\"wp-block-themeisle-blocks-advanced-column ticss-0e1467b8\">\n<div class=\"wp-block-cover aligncenter\" style=\"min-height:600px;aspect-ratio:unset;\"><span aria-hidden=\"true\" class=\"wp-block-cover__background has-background-dim-60 has-background-dim\"><\/span><img loading=\"lazy\" decoding=\"async\" width=\"900\" height=\"600\" class=\"wp-block-cover__image-background wp-image-26\" alt=\"\" src=\"http:\/\/missisbravofilms.com\/wp-content\/uploads\/2019\/11\/neve-minimal-blogger-07.jpg\" data-object-fit=\"cover\" srcset=\"https:\/\/missisbravofilms.com\/wp-content\/uploads\/2019\/11\/neve-minimal-blogger-07.jpg 900w, https:\/\/missisbravofilms.com\/wp-content\/uploads\/2019\/11\/neve-minimal-blogger-07-300x200.jpg 300w\" sizes=\"auto, (max-width: 900px) 100vw, 900px\" \/><div class=\"wp-block-cover__inner-container is-layout-flow wp-block-cover-is-layout-flow\">\n<p class=\"has-text-align-center has-large-font-size\">FOTOGRAF\u00cdA<\/p>\n\n\n\n<p>Desde <strong>fotograf\u00eda corporativa<\/strong>, <strong>foto producto<\/strong>, <strong>retratos<\/strong> personales en momentos especiales,,, en <strong><em>Missis Bravo Films <\/em><\/strong>encontrar\u00e1s la soluci\u00f3n reflejar aquello que quieras promocionar, destacar o conservar como recuerdo.&nbsp;Trabajamos con las <strong>mejores marcas<\/strong> y medios para garantizar trabajos de alta calidad.<\/p>\n<\/div><\/div>\n<\/div>\n\n\n\n<div id=\"wp-block-themeisle-blocks-advanced-column-329f066d\" class=\"wp-block-themeisle-blocks-advanced-column\">\n<div class=\"wp-block-cover aligncenter ticss-adf356bf\" style=\"min-height:600px;aspect-ratio:unset;\"><span aria-hidden=\"true\" class=\"wp-block-cover__background has-neve-text-color-background-color has-background-dim-60 has-background-dim\"><\/span><img loading=\"lazy\" decoding=\"async\" width=\"900\" height=\"600\" class=\"wp-block-cover__image-background wp-image-20\" alt=\"\" src=\"http:\/\/missisbravofilms.com\/wp-content\/uploads\/2019\/11\/neve-minimal-blogger-11.jpg\" data-object-fit=\"cover\" srcset=\"https:\/\/missisbravofilms.com\/wp-content\/uploads\/2019\/11\/neve-minimal-blogger-11.jpg 900w, https:\/\/missisbravofilms.com\/wp-content\/uploads\/2019\/11\/neve-minimal-blogger-11-300x200.jpg 300w\" sizes=\"auto, (max-width: 900px) 100vw, 900px\" \/><div class=\"wp-block-cover__inner-container is-layout-flow wp-block-cover-is-layout-flow\">\n<p class=\"has-text-align-center has-nv-site-bg-color has-text-color has-large-font-size\">DRONES<\/p>\n\n\n\n<p>Desde <strong><em>Missis Bravo Films<\/em><\/strong> nos encargamos de que las <strong>producciones de video<\/strong> tengan el impacto que tu marca o proyecto necesita; contamos con los mejores operadores para poder trabajar en tu <strong>grabaci\u00f3n con dron. I<\/strong>deal para toda clase de eventos, inmobiliarias, bodas,,, no dudes en contactar con nosotros.<\/p>\n<\/div><\/div>\n<\/div>\n\n\n\n<div id=\"wp-block-themeisle-blocks-advanced-column-a131c8d8\" class=\"wp-block-themeisle-blocks-advanced-column\">\n<div class=\"wp-block-cover aligncenter ticss-adf356bf\" style=\"min-height:600px;aspect-ratio:unset;\"><span aria-hidden=\"true\" class=\"wp-block-cover__background has-background-dim-60 has-background-dim\"><\/span><img loading=\"lazy\" decoding=\"async\" width=\"900\" height=\"600\" class=\"wp-block-cover__image-background wp-image-22\" alt=\"\" src=\"http:\/\/missisbravofilms.com\/wp-content\/uploads\/2019\/11\/neve-minimal-blogger-10.jpg\" data-object-fit=\"cover\" srcset=\"https:\/\/missisbravofilms.com\/wp-content\/uploads\/2019\/11\/neve-minimal-blogger-10.jpg 900w, https:\/\/missisbravofilms.com\/wp-content\/uploads\/2019\/11\/neve-minimal-blogger-10-300x200.jpg 300w\" sizes=\"auto, (max-width: 900px) 100vw, 900px\" \/><div class=\"wp-block-cover__inner-container is-layout-flow wp-block-cover-is-layout-flow\">\n<p class=\"has-text-align-center has-large-font-size\">MARKETING<\/p>\n\n\n\n<p>En <strong><em>Missis Bravo Films<\/em><\/strong> te acompa\u00f1amos en la creaci\u00f3n de tu <strong>identidad corporativa<\/strong>, aquella que reflejar\u00e1 <strong>tu prop\u00f3sito y valores<\/strong> tanto para tus colaboradores como para tu p\u00fablico objetivo.&nbsp;Todos <strong>nuestros medios audiovisuales<\/strong> as\u00ed como nuestro asesoramiento te ayudaran y proporcionar\u00e1n las herramientas necesarias para construir e <strong>impulsar tu identidad de marca<\/strong>.<\/p>\n<\/div><\/div>\n<\/div>\n\n\n\n<div id=\"wp-block-themeisle-blocks-advanced-column-b20eafeb\" class=\"wp-block-themeisle-blocks-advanced-column\">\n<div class=\"wp-block-cover aligncenter ticss-adf356bf\" style=\"min-height:600px;aspect-ratio:unset;\"><span aria-hidden=\"true\" class=\"wp-block-cover__background has-background-dim-60 has-background-dim\"><\/span><img loading=\"lazy\" decoding=\"async\" width=\"900\" height=\"600\" class=\"wp-block-cover__image-background wp-image-27\" alt=\"\" src=\"http:\/\/missisbravofilms.com\/wp-content\/uploads\/2019\/11\/neve-minimal-blogger-05.jpg\" data-object-fit=\"cover\" srcset=\"https:\/\/missisbravofilms.com\/wp-content\/uploads\/2019\/11\/neve-minimal-blogger-05.jpg 900w, https:\/\/missisbravofilms.com\/wp-content\/uploads\/2019\/11\/neve-minimal-blogger-05-300x200.jpg 300w\" sizes=\"auto, (max-width: 900px) 100vw, 900px\" \/><div class=\"wp-block-cover__inner-container is-layout-flow wp-block-cover-is-layout-flow\">\n<p class=\"has-text-align-center has-large-font-size\">LOCALIZACIONES<\/p>\n\n\n\n<p>Una de las piezas fundamentales en cualquier <strong>producci\u00f3n audiovisual<\/strong> es la localizaci\u00f3n. Una localizaci\u00f3n id\u00f3nea y&nbsp;que cubra las necesidades de la producci\u00f3n es clave para garantizar el \u00e9xito en la grabaci\u00f3n. En <strong><em>Missis Bravo Films<\/em><\/strong> contamos con una extensa base de datos para lograr siempre la excelencia en la <strong>composicion<\/strong><\/p>\n<\/div><\/div>\n<\/div>\n<\/div><\/div>\n","protected":false},"excerpt":{"rendered":"<p>Servicios de producci\u00f3n audiovisual<\/p>\n","protected":false},"author":1,"featured_media":0,"parent":0,"menu_order":0,"comment_status":"closed","ping_status":"closed","template":"page-templates\/template-pagebuilder-full-width.php","meta":{"neve_meta_sidebar":"full-width","neve_meta_container":"","neve_meta_enable_content_width":"on","neve_meta_content_width":100,"neve_meta_title_alignment":"","neve_meta_author_avatar":"","neve_post_elements_order":"","neve_meta_disable_header":"","neve_meta_disable_footer":"","neve_meta_disable_title":"on","_themeisle_gutenberg_block_has_review":false,"footnotes":""},"class_list":["post-5","page","type-page","status-publish","hentry"],"_links":{"self":[{"href":"https:\/\/missisbravofilms.com\/index.php\/wp-json\/wp\/v2\/pages\/5","targetHints":{"allow":["GET"]}}],"collection":[{"href":"https:\/\/missisbravofilms.com\/index.php\/wp-json\/wp\/v2\/pages"}],"about":[{"href":"https:\/\/missisbravofilms.com\/index.php\/wp-json\/wp\/v2\/types\/page"}],"author":[{"embeddable":true,"href":"https:\/\/missisbravofilms.com\/index.php\/wp-json\/wp\/v2\/users\/1"}],"replies":[{"embeddable":true,"href":"https:\/\/missisbravofilms.com\/index.php\/wp-json\/wp\/v2\/comments?post=5"}],"version-history":[{"count":23,"href":"https:\/\/missisbravofilms.com\/index.php\/wp-json\/wp\/v2\/pages\/5\/revisions"}],"predecessor-version":[{"id":208,"href":"https:\/\/missisbravofilms.com\/index.php\/wp-json\/wp\/v2\/pages\/5\/revisions\/208"}],"wp:attachment":[{"href":"https:\/\/missisbravofilms.com\/index.php\/wp-json\/wp\/v2\/media?parent=5"}],"curies":[{"name":"wp","href":"https:\/\/api.w.org\/{rel}","templated":true}]}}